{"id":44,"date":"2020-04-05T14:23:31","date_gmt":"2020-04-05T13:23:31","guid":{"rendered":"https:\/\/schlosserei-dresden.de\/?page_id=44"},"modified":"2020-04-05T14:38:09","modified_gmt":"2020-04-05T13:38:09","slug":"unternehmen","status":"publish","type":"page","link":"https:\/\/schlosserei-dresden.de\/?page_id=44","title":{"rendered":"Unternehmen"},"content":{"rendered":"<p>Die Firma Schmiede- Stahlbau Sandmann ist ein inhabergef\u00fchrter Handwerksbetrieb mit Sitz in Dresden.<br \/>\nGegr\u00fcndet wurde das Unternehmen als Familienbetrieb 1893 in Dresden- Pillnitz.<br \/>\nUnser Arbeitsgebiet erstreckt sich \u00fcber den Raum Dresden, wo wir sowohl private als auch \u00f6ffentliche Auftraggeber betreuen.<br \/>\nDas Unternehmen ist auf die Montage, Fertigung und Reparatur von Gel\u00e4ndern, Toren, Z\u00e4unen, Balkonanlagen, Treppenanlagen und \u00e4hnlichen Konstruktionen ausgerichtet.<\/p>\n","protected":false},"excerpt":{"rendered":"<p>Die Firma Schmiede- Stahlbau Sandmann ist ein inhabergef\u00fchrter Handwerksbetrieb mit Sitz in Dresden. Gegr\u00fcndet wurde das Unternehmen als Familienbetrieb 1893 in Dresden- Pillnitz. Unser Arbeitsgebiet erstreckt sich \u00fcber den Raum Dresden, wo wir sowohl private als auch \u00f6ffentliche Auftraggeber betreuen. Das Unternehmen ist auf die Montage, Fertigung und Reparatur von Gel\u00e4ndern, Toren, Z\u00e4unen, Balkonanlagen, Treppenanlagen [&hellip;]<\/p>\n","protected":false},"author":2,"featured_media":0,"parent":0,"menu_order":0,"comment_status":"closed","ping_status":"closed","template":"","meta":[],"_links":{"self":[{"href":"https:\/\/schlosserei-dresden.de\/index.php?rest_route=\/wp\/v2\/pages\/44"}],"collection":[{"href":"https:\/\/schlosserei-dresden.de\/index.php?rest_route=\/wp\/v2\/pages"}],"about":[{"href":"https:\/\/schlosserei-dresden.de\/index.php?rest_route=\/wp\/v2\/types\/page"}],"author":[{"embeddable":true,"href":"https:\/\/schlosserei-dresden.de\/index.php?rest_route=\/wp\/v2\/users\/2"}],"replies":[{"embeddable":true,"href":"https:\/\/schlosserei-dresden.de\/index.php?rest_route=%2Fwp%2Fv2%2Fcomments&post=44"}],"version-history":[{"count":2,"href":"https:\/\/schlosserei-dresden.de\/index.php?rest_route=\/wp\/v2\/pages\/44\/revisions"}],"predecessor-version":[{"id":59,"href":"https:\/\/schlosserei-dresden.de\/index.php?rest_route=\/wp\/v2\/pages\/44\/revisions\/59"}],"wp:attachment":[{"href":"https:\/\/schlosserei-dresden.de\/index.php?rest_route=%2Fwp%2Fv2%2Fmedia&parent=44"}],"curies":[{"name":"wp","href":"https:\/\/api.w.org\/{rel}","templated":true}]}}