{"id":46,"date":"2020-04-05T14:27:40","date_gmt":"2020-04-05T13:27:40","guid":{"rendered":"https:\/\/schlosserei-dresden.de\/?page_id=46"},"modified":"2020-04-05T15:56:41","modified_gmt":"2020-04-05T13:56:41","slug":"leistungen","status":"publish","type":"page","link":"https:\/\/schlosserei-dresden.de\/?page_id=46","title":{"rendered":"Leistungen"},"content":{"rendered":"<p><strong>Fertigung<\/strong><\/p>\n<ul>\n<li>Stra\u00dfengel\u00e4nder<\/li>\n<li>Treppengel\u00e4nder<\/li>\n<li>Handl\u00e4ufe<\/li>\n<li>Zaunanlagen<\/li>\n<li>Tore<\/li>\n<li>Balkonanlagen<\/li>\n<li>\u00dcberdachungen<\/li>\n<li>Schachtabdeckungen<\/li>\n<li>u.\u00e4. Metallerzeugnisse<\/li>\n<\/ul>\n<p><strong>Service<\/strong><br \/>\nEntsprechend den Anspr\u00fcchen meiner Kundschaft wird ein umfangreicher und individuell zugeschnittener Service angeboten. Dieser umfasst:<\/p>\n<ul>\n<li>eine ausf\u00fchrliche Beratung zur Auswahl des Materials,<\/li>\n<li>individuelle Kundenl\u00f6sungen<\/li>\n<li>die Erstellung von Entw\u00fcrfen und Angeboten f\u00fcr den Kunden<\/li>\n<li>die termingerechte Fertigung nach den Vorstellungen der Kunden<\/li>\n<li>Anfertigung auch in Kleinstmengen<\/li>\n<li>die Anlieferung der fertigen Konstruktionsteile<\/li>\n<\/ul>\n<p>Kennzeichen meiner Produkte ist hohe Qualit\u00e4t, Individualit\u00e4t und entsprechende Verarbeitung.<br \/>\nDie Gel\u00e4nder, Z\u00e4une, Tore usw. werden individuell und ausschlie\u00dflich auf Bestellung gefertigt.<\/p>\n","protected":false},"excerpt":{"rendered":"<p>Fertigung Stra\u00dfengel\u00e4nder Treppengel\u00e4nder Handl\u00e4ufe Zaunanlagen Tore Balkonanlagen \u00dcberdachungen Schachtabdeckungen u.\u00e4. Metallerzeugnisse Service Entsprechend den Anspr\u00fcchen meiner Kundschaft wird ein umfangreicher und individuell zugeschnittener Service angeboten. Dieser umfasst: eine ausf\u00fchrliche Beratung zur Auswahl des Materials, individuelle Kundenl\u00f6sungen die Erstellung von Entw\u00fcrfen und Angeboten f\u00fcr den Kunden die termingerechte Fertigung nach den Vorstellungen der Kunden Anfertigung auch [&hellip;]<\/p>\n","protected":false},"author":2,"featured_media":0,"parent":0,"menu_order":0,"comment_status":"closed","ping_status":"closed","template":"","meta":[],"_links":{"self":[{"href":"https:\/\/schlosserei-dresden.de\/index.php?rest_route=\/wp\/v2\/pages\/46"}],"collection":[{"href":"https:\/\/schlosserei-dresden.de\/index.php?rest_route=\/wp\/v2\/pages"}],"about":[{"href":"https:\/\/schlosserei-dresden.de\/index.php?rest_route=\/wp\/v2\/types\/page"}],"author":[{"embeddable":true,"href":"https:\/\/schlosserei-dresden.de\/index.php?rest_route=\/wp\/v2\/users\/2"}],"replies":[{"embeddable":true,"href":"https:\/\/schlosserei-dresden.de\/index.php?rest_route=%2Fwp%2Fv2%2Fcomments&post=46"}],"version-history":[{"count":5,"href":"https:\/\/schlosserei-dresden.de\/index.php?rest_route=\/wp\/v2\/pages\/46\/revisions"}],"predecessor-version":[{"id":68,"href":"https:\/\/schlosserei-dresden.de\/index.php?rest_route=\/wp\/v2\/pages\/46\/revisions\/68"}],"wp:attachment":[{"href":"https:\/\/schlosserei-dresden.de\/index.php?rest_route=%2Fwp%2Fv2%2Fmedia&parent=46"}],"curies":[{"name":"wp","href":"https:\/\/api.w.org\/{rel}","templated":true}]}}