{"id":69,"date":"2020-04-05T15:57:37","date_gmt":"2020-04-05T13:57:37","guid":{"rendered":"https:\/\/schlosserei-dresden.de\/?page_id=69"},"modified":"2020-04-05T15:59:58","modified_gmt":"2020-04-05T13:59:58","slug":"fertigung","status":"publish","type":"page","link":"https:\/\/schlosserei-dresden.de\/?page_id=69","title":{"rendered":"Fertigung"},"content":{"rendered":"<p><strong>Fertigung<\/strong><\/p>\n<ul>\n<li>Stra\u00dfengel\u00e4nder<\/li>\n<li>Treppengel\u00e4nder<\/li>\n<li>Handl\u00e4ufe<\/li>\n<li>Zaunanlagen<\/li>\n<li>Tore<\/li>\n<li>Balkonanlagen<\/li>\n<li>\u00dcberdachungen<\/li>\n<li>Schachtabdeckungen<\/li>\n<li>u.\u00e4. Metallerzeugnisse<\/li>\n<\/ul>\n","protected":false},"excerpt":{"rendered":"<p>Fertigung Stra\u00dfengel\u00e4nder Treppengel\u00e4nder Handl\u00e4ufe Zaunanlagen Tore Balkonanlagen \u00dcberdachungen Schachtabdeckungen u.\u00e4. Metallerzeugnisse<\/p>\n","protected":false},"author":2,"featured_media":0,"parent":0,"menu_order":0,"comment_status":"closed","ping_status":"closed","template":"","meta":[],"_links":{"self":[{"href":"https:\/\/schlosserei-dresden.de\/index.php?rest_route=\/wp\/v2\/pages\/69"}],"collection":[{"href":"https:\/\/schlosserei-dresden.de\/index.php?rest_route=\/wp\/v2\/pages"}],"about":[{"href":"https:\/\/schlosserei-dresden.de\/index.php?rest_route=\/wp\/v2\/types\/page"}],"author":[{"embeddable":true,"href":"https:\/\/schlosserei-dresden.de\/index.php?rest_route=\/wp\/v2\/users\/2"}],"replies":[{"embeddable":true,"href":"https:\/\/schlosserei-dresden.de\/index.php?rest_route=%2Fwp%2Fv2%2Fcomments&post=69"}],"version-history":[{"count":1,"href":"https:\/\/schlosserei-dresden.de\/index.php?rest_route=\/wp\/v2\/pages\/69\/revisions"}],"predecessor-version":[{"id":70,"href":"https:\/\/schlosserei-dresden.de\/index.php?rest_route=\/wp\/v2\/pages\/69\/revisions\/70"}],"wp:attachment":[{"href":"https:\/\/schlosserei-dresden.de\/index.php?rest_route=%2Fwp%2Fv2%2Fmedia&parent=69"}],"curies":[{"name":"wp","href":"https:\/\/api.w.org\/{rel}","templated":true}]}}